{"id":1148,"date":"2022-08-05T14:29:34","date_gmt":"2022-08-05T14:29:34","guid":{"rendered":"https:\/\/dgapp.gob.do\/banco-de-proyectos\/?page_id=1148"},"modified":"2024-05-01T19:19:04","modified_gmt":"2024-05-01T19:19:04","slug":"por-fecha","status":"publish","type":"page","link":"https:\/\/dgapp.gob.do\/banco-de-proyectos\/por-fecha\/","title":{"rendered":"Por fecha"},"content":{"rendered":"\t\t<div data-elementor-type=\"wp-page\" data-elementor-id=\"1148\" class=\"elementor elementor-1148\" data-elementor-settings=\"{&quot;ha_cmc_init_switcher&quot;:&quot;no&quot;}\" data-elementor-post-type=\"page\">\n\t\t\t\t\t\t<section class=\"elementor-section elementor-top-section elementor-element elementor-element-a9df916 elementor-section-full_width elementor-section-height-default elementor-section-height-default\" data-id=\"a9df916\" data-element_type=\"section\" data-e-type=\"section\" data-settings=\"{&quot;_ha_eqh_enable&quot;:false}\">\n\t\t\t\t\t\t<div class=\"elementor-container elementor-column-gap-no\">\n\t\t\t\t\t<div class=\"elementor-column elementor-col-100 elementor-top-column elementor-element elementor-element-851f005\" data-id=\"851f005\" data-element_type=\"column\" data-e-type=\"column\">\n\t\t\t<div class=\"elementor-widget-wrap elementor-element-populated\">\n\t\t\t\t\t\t<div class=\"elementor-element elementor-element-201fbdd elementor--h-position-center elementor--v-position-middle elementor-arrows-position-inside elementor-pagination-position-inside elementor-widget elementor-widget-slides\" data-id=\"201fbdd\" data-element_type=\"widget\" data-e-type=\"widget\" data-settings=\"{&quot;navigation&quot;:&quot;both&quot;,&quot;autoplay&quot;:&quot;yes&quot;,&quot;pause_on_hover&quot;:&quot;yes&quot;,&quot;pause_on_interaction&quot;:&quot;yes&quot;,&quot;autoplay_speed&quot;:5000,&quot;infinite&quot;:&quot;yes&quot;,&quot;transition&quot;:&quot;slide&quot;,&quot;transition_speed&quot;:500}\" data-widget_type=\"slides.default\">\n\t\t\t\t<div class=\"elementor-widget-container\">\n\t\t\t\t\t\t\t<div class=\"elementor-swiper\">\n\t\t\t<div class=\"elementor-slides-wrapper elementor-main-swiper swiper-container\" dir=\"ltr\" data-animation=\"fadeInUp\">\n\t\t\t\t<div class=\"swiper-wrapper elementor-slides\">\n\t\t\t\t\t\t\t\t\t\t<div class=\"elementor-repeater-item-0f809b5 swiper-slide\"><div class=\"swiper-slide-bg\" role=\"img\"><\/div><div class=\"swiper-slide-inner\" ><div class=\"swiper-slide-contents\"><\/div><\/div><\/div>\t\t\t\t<\/div>\n\t\t\t\t\t\t\t<\/div>\n\t\t<\/div>\n\t\t\t\t\t\t<\/div>\n\t\t\t\t<\/div>\n\t\t\t\t\t<\/div>\n\t\t<\/div>\n\t\t\t\t\t<\/div>\n\t\t<\/section>\n\t\t\t\t<section class=\"elementor-section elementor-top-section elementor-element elementor-element-4a7e21c elementor-section-boxed elementor-section-height-default elementor-section-height-default\" data-id=\"4a7e21c\" data-element_type=\"section\" data-e-type=\"section\" data-settings=\"{&quot;_ha_eqh_enable&quot;:false}\">\n\t\t\t\t\t\t<div class=\"elementor-container elementor-column-gap-default\">\n\t\t\t\t\t<div class=\"elementor-column elementor-col-100 elementor-top-column elementor-element elementor-element-8d12e4b\" data-id=\"8d12e4b\" data-element_type=\"column\" data-e-type=\"column\">\n\t\t\t<div class=\"elementor-widget-wrap elementor-element-populated\">\n\t\t\t\t\t\t<div class=\"elementor-element elementor-element-949805a elementor-widget elementor-widget-heading\" data-id=\"949805a\" data-element_type=\"widget\" data-e-type=\"widget\" data-widget_type=\"heading.default\">\n\t\t\t\t<div class=\"elementor-widget-container\">\n\t\t\t\t\t<h2 class=\"elementor-heading-title elementor-size-default\">BANCO DE PROYECTOS APP<\/h2>\t\t\t\t<\/div>\n\t\t\t\t<\/div>\n\t\t\t\t<div class=\"elementor-element elementor-element-e403e83 elementor-widget elementor-widget-heading\" data-id=\"e403e83\" data-element_type=\"widget\" data-e-type=\"widget\" data-widget_type=\"heading.default\">\n\t\t\t\t<div class=\"elementor-widget-container\">\n\t\t\t\t\t<h4 class=\"elementor-heading-title elementor-size-default\">Todas las iniciativas<\/h4>\t\t\t\t<\/div>\n\t\t\t\t<\/div>\n\t\t\t\t\t<\/div>\n\t\t<\/div>\n\t\t\t\t\t<\/div>\n\t\t<\/section>\n\t\t\t\t<section class=\"elementor-section elementor-top-section elementor-element elementor-element-46082ad elementor-section-boxed elementor-section-height-default elementor-section-height-default\" data-id=\"46082ad\" data-element_type=\"section\" data-e-type=\"section\" data-settings=\"{&quot;_ha_eqh_enable&quot;:false}\">\n\t\t\t\t\t\t<div class=\"elementor-container elementor-column-gap-default\">\n\t\t\t\t\t<div class=\"elementor-column elementor-col-50 elementor-top-column elementor-element elementor-element-22be7a5\" data-id=\"22be7a5\" data-element_type=\"column\" data-e-type=\"column\">\n\t\t\t<div class=\"elementor-widget-wrap elementor-element-populated\">\n\t\t\t\t\t\t<section class=\"elementor-section elementor-inner-section elementor-element elementor-element-aeb6c7e elementor-section-boxed elementor-section-height-default elementor-section-height-default\" data-id=\"aeb6c7e\" data-element_type=\"section\" data-e-type=\"section\" data-settings=\"{&quot;_ha_eqh_enable&quot;:false}\">\n\t\t\t\t\t\t<div class=\"elementor-container elementor-column-gap-default\">\n\t\t\t\t\t<div class=\"elementor-column elementor-col-33 elementor-inner-column elementor-element elementor-element-9c625d2\" data-id=\"9c625d2\" data-element_type=\"column\" data-e-type=\"column\">\n\t\t\t<div class=\"elementor-widget-wrap elementor-element-populated\">\n\t\t\t\t\t\t<div class=\"elementor-element elementor-element-605b409 elementor-widget elementor-widget-image\" data-id=\"605b409\" data-element_type=\"widget\" data-e-type=\"widget\" data-widget_type=\"image.default\">\n\t\t\t\t<div class=\"elementor-widget-container\">\n\t\t\t\t\t\t\t\t\t\t\t\t\t\t\t<img decoding=\"async\" width=\"107\" height=\"107\" src=\"https:\/\/dgapp.gob.do\/banco-de-proyectos\/wp-content\/uploads\/2023\/08\/anio-y-oden-icono.png\" class=\"attachment-large size-large wp-image-3261\" alt=\"\" \/>\t\t\t\t\t\t\t\t\t\t\t\t\t\t\t<\/div>\n\t\t\t\t<\/div>\n\t\t\t\t\t<\/div>\n\t\t<\/div>\n\t\t\t\t<div class=\"elementor-column elementor-col-33 elementor-inner-column elementor-element elementor-element-6eaf32d\" data-id=\"6eaf32d\" data-element_type=\"column\" data-e-type=\"column\">\n\t\t\t<div class=\"elementor-widget-wrap elementor-element-populated\">\n\t\t\t\t\t\t<div class=\"elementor-element elementor-element-5d71ca9 elementor-widget elementor-widget-heading\" data-id=\"5d71ca9\" data-element_type=\"widget\" data-e-type=\"widget\" data-widget_type=\"heading.default\">\n\t\t\t\t<div class=\"elementor-widget-container\">\n\t\t\t\t\t<h3 class=\"elementor-heading-title elementor-size-default\">A\u00f1o y orden de recepci\u00f3n<\/h3>\t\t\t\t<\/div>\n\t\t\t\t<\/div>\n\t\t\t\t\t<\/div>\n\t\t<\/div>\n\t\t\t\t<div class=\"elementor-column elementor-col-33 elementor-inner-column elementor-element elementor-element-7eb792e\" data-id=\"7eb792e\" data-element_type=\"column\" data-e-type=\"column\">\n\t\t\t<div class=\"elementor-widget-wrap elementor-element-populated\">\n\t\t\t\t\t\t<div class=\"elementor-element elementor-element-d314692 ha-advanced-tooltip-enable ha-advanced-tooltip-bottom elementor-view-default elementor-widget elementor-widget-icon\" data-id=\"d314692\" data-element_type=\"widget\" data-e-type=\"widget\" data-settings=\"{&quot;ha_advanced_tooltip_content&quot;:&quot;&lt;strong&gt;Prioridad en iniciativas privadas:&lt;\\\/strong&gt; Las  iniciativas privadas presentadas sobre un mismo tema ser\\u00e1n evaluadas seg\\u00fan el orden en que fueren sometidas, conforme a los mecanismos y requerimientos de informaci\\u00f3n previstos en esta ley y en el o los reglamentos.\\nNota: ver art. 38 de la Ley 47-20.&quot;,&quot;ha_advanced_tooltip_enable&quot;:&quot;enable&quot;,&quot;ha_advanced_tooltip_position&quot;:&quot;bottom&quot;,&quot;ha_advanced_tooltip_duration&quot;:1000,&quot;ha_advanced_tooltip_arrow&quot;:&quot;true&quot;,&quot;ha_advanced_tooltip_trigger&quot;:&quot;hover&quot;}\" data-widget_type=\"icon.default\">\n\t\t\t\t<div class=\"elementor-widget-container\">\n\t\t\t\t\t\t\t<div class=\"elementor-icon-wrapper\">\n\t\t\t<div class=\"elementor-icon\">\n\t\t\t<i aria-hidden=\"true\" class=\"fas fa-question-circle\"><\/i>\t\t\t<\/div>\n\t\t<\/div>\n\t\t\t\t\t\t<\/div>\n\t\t\t\t<\/div>\n\t\t\t\t<div class=\"elementor-element elementor-element-b762e89 elementor-widget elementor-widget-shortcode\" data-id=\"b762e89\" data-element_type=\"widget\" data-e-type=\"widget\" data-widget_type=\"shortcode.default\">\n\t\t\t\t<div class=\"elementor-widget-container\">\n\t\t\t\t\t\t\t<div class=\"elementor-shortcode\"><div class=\"form-estatus\">\n    <form>\n        <div class=\"form-group\">\n            <select name=\"anio\" onchange=\"this.form.submit()\">\n                <option value=\"\">Todo<\/option>\n                                <option  value=\"2020\">2020<\/option>\n                                <option  value=\"2021\">2021<\/option>\n                                <option  value=\"2022\">2022<\/option>\n                                <option  value=\"2023\">2023<\/option>\n                                <option  value=\"2024\">2024<\/option>\n                                <option  value=\"2025\">2025<\/option>\n                                <option  value=\"2026\">2026<\/option>\n                            <\/select>\n        <\/div>\n    <\/form>\n<\/div><\/div>\n\t\t\t\t\t\t<\/div>\n\t\t\t\t<\/div>\n\t\t\t\t\t<\/div>\n\t\t<\/div>\n\t\t\t\t\t<\/div>\n\t\t<\/section>\n\t\t\t\t<div class=\"elementor-element elementor-element-ce525ea elementor-widget elementor-widget-text-editor\" data-id=\"ce525ea\" data-element_type=\"widget\" data-e-type=\"widget\" data-widget_type=\"text-editor.default\">\n\t\t\t\t<div class=\"elementor-widget-container\">\n\t\t\t\t\t\t\t\t\tHaz click en cada iniciativa para conocer m\u00e1s\t\t\t\t\t\t\t\t<\/div>\n\t\t\t\t<\/div>\n\t\t\t\t<div class=\"elementor-element elementor-element-014e637 elementor-widget elementor-widget-menu-anchor\" data-id=\"014e637\" data-element_type=\"widget\" data-e-type=\"widget\" data-widget_type=\"menu-anchor.default\">\n\t\t\t\t<div class=\"elementor-widget-container\">\n\t\t\t\t\t\t\t<div class=\"elementor-menu-anchor\" id=\"filtro-resultados\"><\/div>\n\t\t\t\t\t\t<\/div>\n\t\t\t\t<\/div>\n\t\t\t\t<div class=\"elementor-element elementor-element-b977c7a elementor-widget elementor-widget-shortcode\" data-id=\"b977c7a\" data-element_type=\"widget\" data-e-type=\"widget\" data-widget_type=\"shortcode.default\">\n\t\t\t\t<div class=\"elementor-widget-container\">\n\t\t\t\t\t\t\t<div class=\"elementor-shortcode\"><div class=\"proyectos-fecha\">\n    <div class=\"proyectos-fecha-content\">\n        <div class=\"proyecto\">\n            <div class=\"orden\">01<\/div>\n            <div class=\"titulo\"><a href=\"https:\/\/dgapp.gob.do\/banco-de-proyectos\/proyecto\/autopista-del-ambar\/\">Autopista del \u00c1mbar y Circunvalaci\u00f3n Santiago<\/a><\/div>\n        <\/div>\n        <div class=\"proyecto\">\n            <div class=\"orden\">02<\/div>\n            <div class=\"titulo\"><a href=\"https:\/\/dgapp.gob.do\/banco-de-proyectos\/proyecto\/inspeccion-tecnica-vehicular\/\">Inspecci\u00f3n T\u00e9cnica Vehicular<\/a><\/div>\n        <\/div>\n        <div class=\"proyecto\">\n            <div class=\"orden\">03<\/div>\n            <div class=\"titulo\"><a href=\"https:\/\/dgapp.gob.do\/banco-de-proyectos\/proyecto\/disenos-construccion-y-operacion-de-estacionamientos-publicos-en-el-distrito-nacional-santo-domingo\/\">Estacionamientos P\u00fablicos<\/a><\/div>\n        <\/div>\n        <div class=\"proyecto\">\n            <div class=\"orden\">04<\/div>\n            <div class=\"titulo\"><a href=\"https:\/\/dgapp.gob.do\/banco-de-proyectos\/proyecto\/servicios-de-biometrizacion-para-seguridad-en-la-frontera-de-la-republica-dominicana\/\">Servicios de Biometrizaci\u00f3n<\/a><\/div>\n        <\/div>\n        <div class=\"proyecto\">\n            <div class=\"orden\">05<\/div>\n            <div class=\"titulo\"><a href=\"https:\/\/dgapp.gob.do\/banco-de-proyectos\/proyecto\/sistema-inteligente-de-fiscalizacion-de-infracciones-de-transito\/\">Sistema de Infracciones<\/a><\/div>\n        <\/div>\n        <div class=\"proyecto\">\n            <div class=\"orden\">06<\/div>\n            <div class=\"titulo\"><a href=\"https:\/\/dgapp.gob.do\/banco-de-proyectos\/proyecto\/puerto-duarte\/\">Puerto Duarte, Arroyo Barril<\/a><\/div>\n        <\/div>\n        <div class=\"proyecto\">\n            <div class=\"orden\">07<\/div>\n            <div class=\"titulo\"><a href=\"https:\/\/dgapp.gob.do\/banco-de-proyectos\/proyecto\/monorriel-de-santo-domingo\/\">Monorriel Sto Dgo<\/a><\/div>\n        <\/div>\n        <div class=\"proyecto\">\n            <div class=\"orden\">08<\/div>\n            <div class=\"titulo\"><a href=\"https:\/\/dgapp.gob.do\/banco-de-proyectos\/proyecto\/sistema-electronico-de-garantias-mobiliarias\/\">Sistema de Garant\u00edas Mobiliarias<\/a><\/div>\n        <\/div>\n        <div class=\"proyecto\">\n            <div class=\"orden\">09<\/div>\n            <div class=\"titulo\"><a href=\"https:\/\/dgapp.gob.do\/banco-de-proyectos\/proyecto\/expansion-del-sistema-de-transmision-nacional-para-la-empresa-de-transmision-electrica-eted\/\">Sistema de Transmisi\u00f3n El\u00e9ctrica<\/a><\/div>\n        <\/div>\n        <div class=\"proyecto\">\n            <div class=\"orden\">10<\/div>\n            <div class=\"titulo\"><a href=\"https:\/\/dgapp.gob.do\/banco-de-proyectos\/proyecto\/monorriel-de-santiago-de-los-caballeros\/\">Monorriel Santiago<\/a><\/div>\n        <\/div>\n        <div class=\"proyecto\">\n            <div class=\"orden\">11<\/div>\n            <div class=\"titulo\"><a href=\"https:\/\/dgapp.gob.do\/banco-de-proyectos\/proyecto\/equipamiento-e-instalacion-de-sistemas-fotovoltaicos-en-centros-de-salud-y-oficinas-del-sns\/\">Sistemas Fotovoltaicos<\/a><\/div>\n        <\/div>\n        <div class=\"proyecto\">\n            <div class=\"orden\">12<\/div>\n            <div class=\"titulo\"><a href=\"https:\/\/dgapp.gob.do\/banco-de-proyectos\/proyecto\/soterrado-de-servicios-publicos-gas-natural-electricidad-telecomunicaciones-agua-potable-alcantarillado-sanitario-en-el-distrito-nacional\/\">Soterrado de Servicios P\u00fablicos<\/a><\/div>\n        <\/div>\n        <div class=\"proyecto\">\n            <div class=\"orden\">13<\/div>\n            <div class=\"titulo\"><a href=\"https:\/\/dgapp.gob.do\/banco-de-proyectos\/proyecto\/gestion-integral-de-las-empresas-distribuidoras-de-electricidad\/\">Gesti\u00f3n Integral de Electricidad<\/a><\/div>\n        <\/div>\n        <div class=\"proyecto\">\n            <div class=\"orden\">14<\/div>\n            <div class=\"titulo\"><a href=\"https:\/\/dgapp.gob.do\/banco-de-proyectos\/proyecto\/distrito-gubernamental-de-la-republica-dominicana\/\">Distrito Gubernamental<\/a><\/div>\n        <\/div>\n        <div class=\"proyecto\">\n            <div class=\"orden\">15<\/div>\n            <div class=\"titulo\"><a href=\"https:\/\/dgapp.gob.do\/banco-de-proyectos\/proyecto\/ciudad-sanitaria-los-corales\/\">Ciudad Sanitaria<\/a><\/div>\n        <\/div>\n        <div class=\"proyecto\">\n            <div class=\"orden\">16<\/div>\n            <div class=\"titulo\"><a href=\"https:\/\/dgapp.gob.do\/banco-de-proyectos\/proyecto\/coto-de-caza-loma-blanca\/\">Coto de Caza<\/a><\/div>\n        <\/div>\n        <div class=\"proyecto\">\n            <div class=\"orden\">17<\/div>\n            <div class=\"titulo\"><a href=\"https:\/\/dgapp.gob.do\/banco-de-proyectos\/proyecto\/creacion-de-una-oferta-de-alquiler-leasing-que-le-permitira-al-estado-dominicano-concentrar-a-4000-servidores-publicos-en-una-misma-ubicacion\/\">Torre Veiramar<\/a><\/div>\n        <\/div>\n        <div class=\"proyecto\">\n            <div class=\"orden\">18<\/div>\n            <div class=\"titulo\"><a href=\"https:\/\/dgapp.gob.do\/banco-de-proyectos\/proyecto\/gestion-integral-de-residuos-solidos-en-los-municipios-de-puerto-plata-y-san-francisco-de-macoris\/\">Gesti\u00f3n de Residuos S\u00f3lidos<\/a><\/div>\n        <\/div>\n        <div class=\"proyecto\">\n            <div class=\"orden\">19<\/div>\n            <div class=\"titulo\"><a href=\"https:\/\/dgapp.gob.do\/banco-de-proyectos\/proyecto\/prestacion-del-servicio-de-hemodialisis-al-servicio-nacional-de-salud\/\">Servicios de Hemodi\u00e1lisis<\/a><\/div>\n        <\/div>\n        <div class=\"proyecto\">\n            <div class=\"orden\">20<\/div>\n            <div class=\"titulo\"><a href=\"https:\/\/dgapp.gob.do\/banco-de-proyectos\/proyecto\/proyecto-adquisicion-y-mantenimiento-de-la-nueva-infraestructura-para-la-emision-de-pasaportes-electronicos-a-los-ciudadanos-dominicanos-residentes-en-la-republica-dominicana-y-en-el-exterior\/\">Pasaportes Electr\u00f3nicos<\/a><\/div>\n        <\/div>\n        <div class=\"proyecto\">\n            <div class=\"orden\">21<\/div>\n            <div class=\"titulo\"><a href=\"https:\/\/dgapp.gob.do\/banco-de-proyectos\/proyecto\/solucion-de-abastecimiento-de-agua-potable-y-sistema-de-saneamiento-de-aguas-servidas-para-los-complejos-hoteleros-comercios-y-comunidades-residenciales-comprendidas-entre-las-zonas-de-arena-gorda-c\/\">Acueducto Ver\u00f3n Punta Cana<\/a><\/div>\n        <\/div>\n        <div class=\"proyecto\">\n            <div class=\"orden\">22<\/div>\n            <div class=\"titulo\"><a href=\"https:\/\/dgapp.gob.do\/banco-de-proyectos\/proyecto\/comercio-electronico-e-exportrd\/\">Comercio Electr\u00f3nico<\/a><\/div>\n        <\/div>\n        <div class=\"proyecto\">\n            <div class=\"orden\">23<\/div>\n            <div class=\"titulo\"><a href=\"https:\/\/dgapp.gob.do\/banco-de-proyectos\/proyecto\/techos-verdes-programa-de-eficiencia-energetica-y-techos-solares-inteligentes-para-edificios-publicos-en-la-republica-dominicana\/\">Techos Verdes<\/a><\/div>\n        <\/div>\n        <div class=\"proyecto\">\n            <div class=\"orden\">24<\/div>\n            <div class=\"titulo\"><a href=\"https:\/\/dgapp.gob.do\/banco-de-proyectos\/proyecto\/tren-metropolitano-de-santo-domingo\/\">Tren Metropolitano SD<\/a><\/div>\n        <\/div>\n        <div class=\"proyecto\">\n            <div class=\"orden\">25<\/div>\n            <div class=\"titulo\"><a href=\"https:\/\/dgapp.gob.do\/banco-de-proyectos\/proyecto\/proyecto-ciudad-judicial-del-distrito-nacional\/\">Ciudad Judicial<\/a><\/div>\n        <\/div>\n        <div class=\"proyecto\">\n            <div class=\"orden\">26<\/div>\n            <div class=\"titulo\"><a href=\"https:\/\/dgapp.gob.do\/banco-de-proyectos\/proyecto\/proyecto-para-la-presentacion-del-servicio-publico-de-dialisis-peritoneal-en-la-republica-dominicana\/\">Di\u00e1lisis Peritoneal <\/a><\/div>\n        <\/div>\n    <\/div>\n<\/div><\/div>\n\t\t\t\t\t\t<\/div>\n\t\t\t\t<\/div>\n\t\t\t\t\t<\/div>\n\t\t<\/div>\n\t\t\t\t<div class=\"elementor-column elementor-col-50 elementor-top-column elementor-element elementor-element-571044c\" data-id=\"571044c\" data-element_type=\"column\" data-e-type=\"column\" data-settings=\"{&quot;background_background&quot;:&quot;classic&quot;}\">\n\t\t\t<div class=\"elementor-widget-wrap elementor-element-populated\">\n\t\t\t\t\t\t\t<\/div>\n\t\t<\/div>\n\t\t\t\t\t<\/div>\n\t\t<\/section>\n\t\t\t\t<\/div>\n\t\t","protected":false},"excerpt":{"rendered":"<p>BANCO DE PROYECTOS APP Todas las iniciativas A\u00f1o y orden de recepci\u00f3n Haz click en cada iniciativa para conocer m\u00e1s<\/p>\n","protected":false},"author":17,"featured_media":0,"parent":0,"menu_order":0,"comment_status":"closed","ping_status":"closed","template":"","meta":{"_acf_changed":false,"nf_dc_page":"","site-sidebar-layout":"no-sidebar","site-content-layout":"page-builder","ast-site-content-layout":"default","site-content-style":"default","site-sidebar-style":"default","ast-global-header-display":"","ast-banner-title-visibility":"","ast-main-header-display":"","ast-hfb-above-header-display":"","ast-hfb-below-header-display":"","ast-hfb-mobile-header-display":"","site-post-title":"disabled","ast-breadcrumbs-content":"","ast-featured-img":"disabled","footer-sml-layout":"","ast-disable-related-posts":"","theme-transparent-header-meta":"","adv-header-id-meta":"","stick-header-meta":"","header-above-stick-meta":"","header-main-stick-meta":"","header-below-stick-meta":"","astra-migrate-meta-layouts":"default","ast-page-background-enabled":"default","ast-page-background-meta":{"desktop":{"background-color":"var(--ast-global-color-4)","background-image":"","background-repeat":"repeat","background-position":"center center","background-size":"auto","background-attachment":"scroll","background-type":"","background-media":"","overlay-type":"","overlay-color":"","overlay-opacity":"","overlay-gradient":""},"tablet":{"background-color":"","background-image":"","background-repeat":"repeat","background-position":"center center","background-size":"auto","background-attachment":"scroll","background-type":"","background-media":"","overlay-type":"","overlay-color":"","overlay-opacity":"","overlay-gradient":""},"mobile":{"background-color":"","background-image":"","background-repeat":"repeat","background-position":"center center","background-size":"auto","background-attachment":"scroll","background-type":"","background-media":"","overlay-type":"","overlay-color":"","overlay-opacity":"","overlay-gradient":""}},"ast-content-background-meta":{"desktop":{"background-color":"var(--ast-global-color-5)","background-image":"","background-repeat":"repeat","background-position":"center center","background-size":"auto","background-attachment":"scroll","background-type":"","background-media":"","overlay-type":"","overlay-color":"","overlay-opacity":"","overlay-gradient":""},"tablet":{"background-color":"var(--ast-global-color-5)","background-image":"","background-repeat":"repeat","background-position":"center center","background-size":"auto","background-attachment":"scroll","background-type":"","background-media":"","overlay-type":"","overlay-color":"","overlay-opacity":"","overlay-gradient":""},"mobile":{"background-color":"var(--ast-global-color-5)","background-image":"","background-repeat":"repeat","background-position":"center center","background-size":"auto","background-attachment":"scroll","background-type":"","background-media":"","overlay-type":"","overlay-color":"","overlay-opacity":"","overlay-gradient":""}},"footnotes":""},"class_list":["post-1148","page","type-page","status-publish","hentry"],"acf":[],"_links":{"self":[{"href":"https:\/\/dgapp.gob.do\/banco-de-proyectos\/wp-json\/wp\/v2\/pages\/1148","targetHints":{"allow":["GET"]}}],"collection":[{"href":"https:\/\/dgapp.gob.do\/banco-de-proyectos\/wp-json\/wp\/v2\/pages"}],"about":[{"href":"https:\/\/dgapp.gob.do\/banco-de-proyectos\/wp-json\/wp\/v2\/types\/page"}],"author":[{"embeddable":true,"href":"https:\/\/dgapp.gob.do\/banco-de-proyectos\/wp-json\/wp\/v2\/users\/17"}],"replies":[{"embeddable":true,"href":"https:\/\/dgapp.gob.do\/banco-de-proyectos\/wp-json\/wp\/v2\/comments?post=1148"}],"version-history":[{"count":3,"href":"https:\/\/dgapp.gob.do\/banco-de-proyectos\/wp-json\/wp\/v2\/pages\/1148\/revisions"}],"predecessor-version":[{"id":4422,"href":"https:\/\/dgapp.gob.do\/banco-de-proyectos\/wp-json\/wp\/v2\/pages\/1148\/revisions\/4422"}],"wp:attachment":[{"href":"https:\/\/dgapp.gob.do\/banco-de-proyectos\/wp-json\/wp\/v2\/media?parent=1148"}],"curies":[{"name":"wp","href":"https:\/\/api.w.org\/{rel}","templated":true}]}}